{"id":19,"date":"2025-04-06T20:36:59","date_gmt":"2025-04-06T18:36:59","guid":{"rendered":"http:\/\/localhost\/?page_id=19"},"modified":"2026-04-24T18:35:53","modified_gmt":"2026-04-24T16:35:53","slug":"projekte","status":"publish","type":"page","link":"https:\/\/artenvielfalt-overath.de\/index.php\/projekte\/","title":{"rendered":"Projekte"},"content":{"rendered":"\n<h1 class=\"wp-block-heading\"><strong>Projekte<\/strong><\/h1>\n\n\n\n<figure class=\"wp-block-image size-large\"><img loading=\"lazy\" decoding=\"async\" width=\"1024\" height=\"362\" src=\"https:\/\/artenvielfalt-overath.de\/wp-content\/uploads\/2025\/04\/mai-juni-2011-023-e1746728258813-1024x362.jpg\" alt=\"\" class=\"wp-image-152\" srcset=\"https:\/\/artenvielfalt-overath.de\/wp-content\/uploads\/2025\/04\/mai-juni-2011-023-e1746728258813-1024x362.jpg 1024w, https:\/\/artenvielfalt-overath.de\/wp-content\/uploads\/2025\/04\/mai-juni-2011-023-e1746728258813-300x106.jpg 300w, https:\/\/artenvielfalt-overath.de\/wp-content\/uploads\/2025\/04\/mai-juni-2011-023-e1746728258813-768x271.jpg 768w, https:\/\/artenvielfalt-overath.de\/wp-content\/uploads\/2025\/04\/mai-juni-2011-023-e1746728258813-1536x543.jpg 1536w, https:\/\/artenvielfalt-overath.de\/wp-content\/uploads\/2025\/04\/mai-juni-2011-023-e1746728258813-2048x724.jpg 2048w\" sizes=\"auto, (max-width: 1024px) 100vw, 1024px\" \/><\/figure>\n\n\n\n<p>Geplant sind regelm\u00e4\u00dfige Treffen des Netzwerks und sich daraus entwickelnder Untergruppen, die Aktionen und Projekte in Angriff nehmen m\u00f6chten.&nbsp;<\/p>\n\n\n\n<p>Das Netzwerk dient dazu, die Akteure zueinander zu bringen und lebt von den Menschen, die es mit Leben f\u00fcllen. <\/p>\n\n\n\n<p>Deshalb z\u00e4hlt jeder Beitrag. Packen wir es an!<\/p>\n\n\n\n<hr class=\"wp-block-separator has-alpha-channel-opacity\"\/>\n\n\n\n<p><strong><strong><strong>Projekt &#8222;Meisenheim&#8220;<\/strong><\/strong><\/strong><\/p>\n\n\n\n<p>Im Zuge unserer Nistkastenaktion Ende letzten Jahres haben wir einen Kasten mit einer Kamera ausgestattet und nun exklusiv die M\u00f6glichkeit, einer kleinen Blaumeisenfamilie beim Nistbau und bei der Familiengr\u00fcndung zuzuschauen: <\/p>\n\n\n\n<p class=\"has-text-align-center\"><mark style=\"background-color:rgba(0, 0, 0, 0)\" class=\"has-inline-color has-accent-3-color\"><em>Es wird eifrig gebr\u00fctet<\/em><\/mark><\/p>\n\n\n\n<figure class=\"wp-block-video\"><video height=\"1080\" style=\"aspect-ratio: 1920 \/ 1080;\" width=\"1920\" controls src=\"https:\/\/artenvielfalt-overath.de\/wp-content\/uploads\/2026\/04\/Beim-Brueten_cam0.mp4\"><\/video><\/figure>\n\n\n\n<p class=\"has-text-align-center\"><\/p>\n\n\n\n<p class=\"has-text-align-center\"><\/p>\n\n\n\n<p class=\"has-text-align-center\"><em><mark style=\"background-color:rgba(0, 0, 0, 0)\" class=\"has-inline-color has-accent-3-color\">Nun sind es schon 6 Eier, wir sind gespannt auf den Nachwuchs!<\/mark><\/em><\/p>\n\n\n\n<figure class=\"wp-block-video\"><video height=\"1080\" style=\"aspect-ratio: 1920 \/ 1080;\" width=\"1920\" controls src=\"https:\/\/artenvielfalt-overath.de\/wp-content\/uploads\/2026\/04\/6-Eier-im-Nest_cam0.mp4\"><\/video><\/figure>\n\n\n\n<p class=\"has-text-align-center\"><em><mark style=\"background-color:rgba(0, 0, 0, 0)\" class=\"has-inline-color has-accent-3-color\">Es liegen bereits 5 Eier im Nest, die liebevoll umsorgt werden.<\/mark><\/em><\/p>\n\n\n\n<figure class=\"wp-block-video\"><video height=\"1080\" style=\"aspect-ratio: 1920 \/ 1080;\" width=\"1920\" controls src=\"https:\/\/artenvielfalt-overath.de\/wp-content\/uploads\/2026\/04\/260419-Fuenf-Eier-im-Nest.mp4\"><\/video><\/figure>\n\n\n\n<p class=\"has-text-align-center\"><em><mark style=\"background-color:rgba(0, 0, 0, 0)\" class=\"has-inline-color has-accent-3-color\">Immer mehr Nistmaterial wird herangeschafft. <\/mark><\/em><\/p>\n\n\n\n<figure class=\"wp-block-video\"><video height=\"1080\" style=\"aspect-ratio: 1920 \/ 1080;\" width=\"1920\" controls src=\"https:\/\/artenvielfalt-overath.de\/wp-content\/uploads\/2026\/04\/260401-Es-wird-gebaut.mp4\"><\/video><\/figure>\n\n\n\n<p class=\"has-text-align-center\"><em><mark style=\"background-color:rgba(0, 0, 0, 0)\" class=\"has-inline-color has-accent-3-color\">Nachdem unsere Meise schon den ganzen Winter \u00fcber in ihrem Kasten geschlafen hat, hat sie nun einen Partner gefunden, und zu zweit bauen sie eifrig ihr Eigenheim aus. <\/mark><\/em><\/p>\n\n\n\n<hr class=\"wp-block-separator has-alpha-channel-opacity\"\/>\n\n\n\n<figure class=\"wp-block-video\"><video height=\"1080\" style=\"aspect-ratio: 1920 \/ 1080;\" width=\"1920\" controls src=\"https:\/\/artenvielfalt-overath.de\/wp-content\/uploads\/2026\/04\/260331-Zu-zweit-im-Nest.mp4\"><\/video><\/figure>\n\n\n\n<figure class=\"wp-block-image size-large\"><img loading=\"lazy\" decoding=\"async\" width=\"876\" height=\"1024\" src=\"https:\/\/artenvielfalt-overath.de\/wp-content\/uploads\/2026\/03\/20260304_191234-scaled-e1773174889469-876x1024.jpg\" alt=\"\" class=\"wp-image-576\" srcset=\"https:\/\/artenvielfalt-overath.de\/wp-content\/uploads\/2026\/03\/20260304_191234-scaled-e1773174889469-876x1024.jpg 876w, https:\/\/artenvielfalt-overath.de\/wp-content\/uploads\/2026\/03\/20260304_191234-scaled-e1773174889469-257x300.jpg 257w, https:\/\/artenvielfalt-overath.de\/wp-content\/uploads\/2026\/03\/20260304_191234-scaled-e1773174889469-768x898.jpg 768w, https:\/\/artenvielfalt-overath.de\/wp-content\/uploads\/2026\/03\/20260304_191234-scaled-e1773174889469-1314x1536.jpg 1314w, https:\/\/artenvielfalt-overath.de\/wp-content\/uploads\/2026\/03\/20260304_191234-scaled-e1773174889469-1751x2048.jpg 1751w, https:\/\/artenvielfalt-overath.de\/wp-content\/uploads\/2026\/03\/20260304_191234-scaled-e1773174889469.jpg 1760w\" sizes=\"auto, (max-width: 876px) 100vw, 876px\" \/><\/figure>\n\n\n\n<p><strong><strong>Vortrag zur Asiatischen Hornisse am 04.03.2026 im Kulturbahnhof Overath<\/strong><\/strong><\/p>\n\n\n\n<p>Der Biologe Dr. Armin Kureck hat vor einem interessierten Publikum Wissenswertes zur Asiatischen Hornisse erkl\u00e4rt. Dabei ging es vor allem um folgende Themen: <\/p>\n\n\n\n<ul class=\"wp-block-list\">\n<li>Biologie der Asiatischen Hornisse: Lebensweise, Aussehen, Verbreitung<\/li>\n\n\n\n<li>Unterschiede zur heimischen Hornisse<\/li>\n\n\n\n<li>Aktuelle Vorkommen im Rheinisch-Bergischen Kreis und in Overath<\/li>\n\n\n\n<li>Praktische Tipps und Handlungsempfehlungen<\/li>\n<\/ul>\n\n\n\n<p>Weiterf\u00fchrende Informationen zur Asiatischen Hornisse erhalten Interessierte auch unter: <a href=\"http:\/\/www.velutina.de\">www.velutina.de<\/a><\/p>\n\n\n\n<figure class=\"wp-block-image size-full\"><img loading=\"lazy\" decoding=\"async\" width=\"760\" height=\"676\" src=\"https:\/\/artenvielfalt-overath.de\/wp-content\/uploads\/2026\/03\/Infobox-Asiatische-Hornisse-Bild.jpg\" alt=\"\" class=\"wp-image-575\" srcset=\"https:\/\/artenvielfalt-overath.de\/wp-content\/uploads\/2026\/03\/Infobox-Asiatische-Hornisse-Bild.jpg 760w, https:\/\/artenvielfalt-overath.de\/wp-content\/uploads\/2026\/03\/Infobox-Asiatische-Hornisse-Bild-300x267.jpg 300w\" sizes=\"auto, (max-width: 760px) 100vw, 760px\" \/><\/figure>\n\n\n\n<p><\/p>\n\n\n\n<figure class=\"wp-block-image size-large\"><img loading=\"lazy\" decoding=\"async\" width=\"1024\" height=\"457\" src=\"https:\/\/artenvielfalt-overath.de\/wp-content\/uploads\/2025\/12\/IMG_5603-scaled-e1764866457607-1024x457.jpg\" alt=\"\" class=\"wp-image-518\" srcset=\"https:\/\/artenvielfalt-overath.de\/wp-content\/uploads\/2025\/12\/IMG_5603-scaled-e1764866457607-1024x457.jpg 1024w, https:\/\/artenvielfalt-overath.de\/wp-content\/uploads\/2025\/12\/IMG_5603-scaled-e1764866457607-300x134.jpg 300w, https:\/\/artenvielfalt-overath.de\/wp-content\/uploads\/2025\/12\/IMG_5603-scaled-e1764866457607-768x343.jpg 768w, https:\/\/artenvielfalt-overath.de\/wp-content\/uploads\/2025\/12\/IMG_5603-scaled-e1764866457607-1536x686.jpg 1536w, https:\/\/artenvielfalt-overath.de\/wp-content\/uploads\/2025\/12\/IMG_5603-scaled-e1764866457607-2048x914.jpg 2048w\" sizes=\"auto, (max-width: 1024px) 100vw, 1024px\" \/><\/figure>\n\n\n\n<p><\/p>\n\n\n\n<p><strong><strong>Pflanzen von Str\u00e4uchern und Geh\u00f6lzen in Gut Eichtal<\/strong><\/strong><\/p>\n\n\n\n<p>Am 04. Dezember 2025 wurden in Gut Eichtal ca. 30 Str\u00e4ucher und Geh\u00f6lze gepflanzt, die im Fr\u00fchjahr den Insekten ein reichhaltiges Buffet bieten sollen. Die Pflanzen wurden von F\u00f6rdergeldern gekauft und von freiwilligen Helfern in die Erde gebracht. <\/p>\n\n\n\n<p><\/p>\n\n\n\n<figure class=\"wp-block-gallery has-nested-images columns-default is-cropped wp-block-gallery-1 is-layout-flex wp-block-gallery-is-layout-flex\">\n<figure class=\"wp-block-image size-large\"><img loading=\"lazy\" decoding=\"async\" width=\"768\" height=\"1024\" data-id=\"499\" src=\"https:\/\/artenvielfalt-overath.de\/wp-content\/uploads\/2025\/11\/WhatsApp-Bild-2025-11-09-um-19.57.52_ba8b57b8-768x1024.jpg\" alt=\"\" class=\"wp-image-499\" srcset=\"https:\/\/artenvielfalt-overath.de\/wp-content\/uploads\/2025\/11\/WhatsApp-Bild-2025-11-09-um-19.57.52_ba8b57b8-768x1024.jpg 768w, https:\/\/artenvielfalt-overath.de\/wp-content\/uploads\/2025\/11\/WhatsApp-Bild-2025-11-09-um-19.57.52_ba8b57b8-225x300.jpg 225w, https:\/\/artenvielfalt-overath.de\/wp-content\/uploads\/2025\/11\/WhatsApp-Bild-2025-11-09-um-19.57.52_ba8b57b8-1152x1536.jpg 1152w, https:\/\/artenvielfalt-overath.de\/wp-content\/uploads\/2025\/11\/WhatsApp-Bild-2025-11-09-um-19.57.52_ba8b57b8.jpg 1536w\" sizes=\"auto, (max-width: 768px) 100vw, 768px\" \/><\/figure>\n\n\n\n<figure class=\"wp-block-image size-large\"><img loading=\"lazy\" decoding=\"async\" width=\"768\" height=\"1024\" data-id=\"497\" src=\"https:\/\/artenvielfalt-overath.de\/wp-content\/uploads\/2025\/11\/WhatsApp-Bild-2025-11-09-um-19.57.52_9f0b1e95-768x1024.jpg\" alt=\"\" class=\"wp-image-497\" srcset=\"https:\/\/artenvielfalt-overath.de\/wp-content\/uploads\/2025\/11\/WhatsApp-Bild-2025-11-09-um-19.57.52_9f0b1e95-768x1024.jpg 768w, https:\/\/artenvielfalt-overath.de\/wp-content\/uploads\/2025\/11\/WhatsApp-Bild-2025-11-09-um-19.57.52_9f0b1e95-225x300.jpg 225w, https:\/\/artenvielfalt-overath.de\/wp-content\/uploads\/2025\/11\/WhatsApp-Bild-2025-11-09-um-19.57.52_9f0b1e95-1152x1536.jpg 1152w, https:\/\/artenvielfalt-overath.de\/wp-content\/uploads\/2025\/11\/WhatsApp-Bild-2025-11-09-um-19.57.52_9f0b1e95.jpg 1512w\" sizes=\"auto, (max-width: 768px) 100vw, 768px\" \/><\/figure>\n\n\n\n<figure class=\"wp-block-image size-large\"><img loading=\"lazy\" decoding=\"async\" width=\"768\" height=\"1024\" data-id=\"496\" src=\"https:\/\/artenvielfalt-overath.de\/wp-content\/uploads\/2025\/11\/WhatsApp-Bild-2025-11-09-um-19.57.52_9b046a79-768x1024.jpg\" alt=\"\" class=\"wp-image-496\" srcset=\"https:\/\/artenvielfalt-overath.de\/wp-content\/uploads\/2025\/11\/WhatsApp-Bild-2025-11-09-um-19.57.52_9b046a79-768x1024.jpg 768w, https:\/\/artenvielfalt-overath.de\/wp-content\/uploads\/2025\/11\/WhatsApp-Bild-2025-11-09-um-19.57.52_9b046a79-225x300.jpg 225w, https:\/\/artenvielfalt-overath.de\/wp-content\/uploads\/2025\/11\/WhatsApp-Bild-2025-11-09-um-19.57.52_9b046a79-1152x1536.jpg 1152w, https:\/\/artenvielfalt-overath.de\/wp-content\/uploads\/2025\/11\/WhatsApp-Bild-2025-11-09-um-19.57.52_9b046a79.jpg 1512w\" sizes=\"auto, (max-width: 768px) 100vw, 768px\" \/><\/figure>\n<\/figure>\n\n\n\n<p><strong><strong>Aufh\u00e4ngen von Nistk\u00e4sten f\u00fcr V\u00f6gel, Flederm\u00e4use und Siebenschl\u00e4fer<br>rund um Gut Eichtal am 09. November 2025 <\/strong><\/strong><\/p>\n\n\n\n<p>Schlaf- und Nistk\u00e4sten ersetzen oder erg\u00e4nzen nat\u00fcrlich entstandene Baumh\u00f6hlen alter B\u00e4ume, die in unseren aufger\u00e4umten W\u00e4ldern immer weniger werden. Viele Tiere nutzen solche H\u00f6hlen: V\u00f6gel wie verschiedene<br>Meisenarten, Kleiber, Rotkehlchen, Rotschwanz aber auch Flederm\u00e4use und Kleins\u00e4uger wie Siebenschl\u00e4fer.<\/p>\n\n\n\n<p>Wir haben aus F\u00f6rdergeldern verschiedene Schlaf- und Nistk\u00e4sten erworben und den ersten Teil davon am 09. November in einer Gemeinschaftsaktion rund um Gut Eichtal aufgeh\u00e4ngt. Dabei haben auch ganz individuelle &#8222;Wohnungen&#8220; ihren Platz gefunden, die vorher von flei\u00dfigen kleinen Helfern bunt bemalt worden sind. Au\u00dferdem wurden auch viele Blumenzwiebeln verteilt, die den Insekten im kommenden Fr\u00fchjahr ein reichhaltiges Buffet bieten sollen.<\/p>\n\n\n\n<p>Nun hoffen wir auf viele vier- und zweibeinige Bewohner, die das Angebot nutzen und sind schon jetzt gespannt, wer wohl einzieht. An dieser Stelle einen herzlichen Dank an alle flei\u00dfigen Helfer, die tatkr\u00e4ftig beim Anbringen, Aufh\u00e4ngen und Einbuddeln unterst\u00fctzt haben. Ein zweiter Teil der Aktion ist Anfang des kommenden Jahres geplant.<\/p>\n\n\n\n<figure class=\"wp-block-image aligncenter size-large is-resized\"><img loading=\"lazy\" decoding=\"async\" width=\"1024\" height=\"1024\" src=\"https:\/\/artenvielfalt-overath.de\/wp-content\/uploads\/2025\/11\/Photocollage-Nistkaesten-1-1024x1024.jpg\" alt=\"\" class=\"wp-image-500\" style=\"width:759px;height:auto\" srcset=\"https:\/\/artenvielfalt-overath.de\/wp-content\/uploads\/2025\/11\/Photocollage-Nistkaesten-1-1024x1024.jpg 1024w, https:\/\/artenvielfalt-overath.de\/wp-content\/uploads\/2025\/11\/Photocollage-Nistkaesten-1-300x300.jpg 300w, https:\/\/artenvielfalt-overath.de\/wp-content\/uploads\/2025\/11\/Photocollage-Nistkaesten-1-150x150.jpg 150w, https:\/\/artenvielfalt-overath.de\/wp-content\/uploads\/2025\/11\/Photocollage-Nistkaesten-1-768x768.jpg 768w, https:\/\/artenvielfalt-overath.de\/wp-content\/uploads\/2025\/11\/Photocollage-Nistkaesten-1.jpg 1080w\" sizes=\"auto, (max-width: 1024px) 100vw, 1024px\" \/><\/figure>\n\n\n\n<p><\/p>\n\n\n\n<hr class=\"wp-block-separator has-alpha-channel-opacity\"\/>\n\n\n\n<figure class=\"wp-block-image size-large\"><img loading=\"lazy\" decoding=\"async\" width=\"1024\" height=\"468\" src=\"https:\/\/artenvielfalt-overath.de\/wp-content\/uploads\/2025\/10\/IMG_9314-scaled-e1760381166521-1024x468.jpg\" alt=\"\" class=\"wp-image-474\" srcset=\"https:\/\/artenvielfalt-overath.de\/wp-content\/uploads\/2025\/10\/IMG_9314-scaled-e1760381166521-1024x468.jpg 1024w, https:\/\/artenvielfalt-overath.de\/wp-content\/uploads\/2025\/10\/IMG_9314-scaled-e1760381166521-300x137.jpg 300w, https:\/\/artenvielfalt-overath.de\/wp-content\/uploads\/2025\/10\/IMG_9314-scaled-e1760381166521-768x351.jpg 768w, https:\/\/artenvielfalt-overath.de\/wp-content\/uploads\/2025\/10\/IMG_9314-scaled-e1760381166521-1536x702.jpg 1536w, https:\/\/artenvielfalt-overath.de\/wp-content\/uploads\/2025\/10\/IMG_9314-scaled-e1760381166521-2048x936.jpg 2048w\" sizes=\"auto, (max-width: 1024px) 100vw, 1024px\" \/><\/figure>\n\n\n\n<p><strong>Ergebnisse des zweiten Netzwerktreffens am 07.10.2025<\/strong><\/p>\n\n\n\n<p>Bei unserem zweiten Netzwerktreffen stand der Igel im Mittelpunkt. Frau Noll vom Nabu Waldbr\u00f6l gab uns eine kurze Einf\u00fchrung in das Verhalten und die Biologie des Igels. Im Anschluss informierte sie dar\u00fcber, was jede und jeder f\u00fcr den Schutz der stacheligen Gartenbewohner tun kann: \u2013 Wie kann ich meine Umgebung und meinen Garten igelfreundlich gestalten? \u2013 Was kann ich tun, um Igeln zu helfen? \u2013 Worauf sollte ich im Herbst und Winter besonders achten? Wer Interesse an diesem Thema hat, kann sich gerne bei uns melden, um weiterf\u00fchrende Flyer zu erhalten.<\/p>\n\n\n\n<p>Um einen besseren \u00dcberblick \u00fcber den aktuellen Bestand zu erhalten, k\u00f6nnen Igelsichtungen im eigenen Garten oder auch im Wald gerne an folgende E-Mail-Adresse (mit Standort und Datum) gemeldet werden: <br><strong>igelhilfe@nabu-oberberg.de <\/strong><\/p>\n\n\n\n<p><\/p>\n\n\n\n<p><\/p>\n\n\n\n<p><\/p>\n","protected":false},"excerpt":{"rendered":"<p>Projekte Geplant sind regelm\u00e4\u00dfige Treffen des Netzwerks und sich daraus entwickelnder Untergruppen, die Aktionen und Projekte in Angriff nehmen m\u00f6chten.&nbsp; Das Netzwerk dient dazu, die Akteure zueinander zu bringen und lebt von den Menschen, die es mit Leben f\u00fcllen. Deshalb z\u00e4hlt jeder Beitrag. Packen wir es an! Projekt &#8222;Meisenheim&#8220; Im Zuge unserer Nistkastenaktion Ende letzten [&hellip;]<\/p>\n","protected":false},"author":1,"featured_media":0,"parent":0,"menu_order":3,"comment_status":"closed","ping_status":"closed","template":"","meta":{"footnotes":""},"class_list":["post-19","page","type-page","status-publish","hentry"],"_links":{"self":[{"href":"https:\/\/artenvielfalt-overath.de\/index.php\/wp-json\/wp\/v2\/pages\/19","targetHints":{"allow":["GET"]}}],"collection":[{"href":"https:\/\/artenvielfalt-overath.de\/index.php\/wp-json\/wp\/v2\/pages"}],"about":[{"href":"https:\/\/artenvielfalt-overath.de\/index.php\/wp-json\/wp\/v2\/types\/page"}],"author":[{"embeddable":true,"href":"https:\/\/artenvielfalt-overath.de\/index.php\/wp-json\/wp\/v2\/users\/1"}],"replies":[{"embeddable":true,"href":"https:\/\/artenvielfalt-overath.de\/index.php\/wp-json\/wp\/v2\/comments?post=19"}],"version-history":[{"count":23,"href":"https:\/\/artenvielfalt-overath.de\/index.php\/wp-json\/wp\/v2\/pages\/19\/revisions"}],"predecessor-version":[{"id":613,"href":"https:\/\/artenvielfalt-overath.de\/index.php\/wp-json\/wp\/v2\/pages\/19\/revisions\/613"}],"wp:attachment":[{"href":"https:\/\/artenvielfalt-overath.de\/index.php\/wp-json\/wp\/v2\/media?parent=19"}],"curies":[{"name":"wp","href":"https:\/\/api.w.org\/{rel}","templated":true}]}}