{"id":24,"date":"2025-04-06T20:35:31","date_gmt":"2025-04-06T18:35:31","guid":{"rendered":"http:\/\/localhost\/?page_id=24"},"modified":"2026-04-28T20:53:24","modified_gmt":"2026-04-28T18:53:24","slug":"aktuelles","status":"publish","type":"page","link":"https:\/\/artenvielfalt-overath.de\/index.php\/aktuelles\/","title":{"rendered":"Aktuelles"},"content":{"rendered":"\n<h1 class=\"wp-block-heading\"><strong>Aktuelles<\/strong><\/h1>\n\n\n\n<figure class=\"wp-block-image size-full\"><img loading=\"lazy\" decoding=\"async\" width=\"2560\" height=\"960\" src=\"http:\/\/localhost\/wp-content\/uploads\/2025\/04\/IMG_3925-edited-scaled.jpeg\" alt=\"\" class=\"wp-image-40\" srcset=\"https:\/\/artenvielfalt-overath.de\/wp-content\/uploads\/2025\/04\/IMG_3925-edited-scaled.jpeg 2560w, https:\/\/artenvielfalt-overath.de\/wp-content\/uploads\/2025\/04\/IMG_3925-edited-300x113.jpeg 300w, https:\/\/artenvielfalt-overath.de\/wp-content\/uploads\/2025\/04\/IMG_3925-edited-1024x384.jpeg 1024w, https:\/\/artenvielfalt-overath.de\/wp-content\/uploads\/2025\/04\/IMG_3925-edited-768x288.jpeg 768w, https:\/\/artenvielfalt-overath.de\/wp-content\/uploads\/2025\/04\/IMG_3925-edited-1536x576.jpeg 1536w, https:\/\/artenvielfalt-overath.de\/wp-content\/uploads\/2025\/04\/IMG_3925-edited-2048x768.jpeg 2048w\" sizes=\"auto, (max-width: 2560px) 100vw, 2560px\" \/><\/figure>\n\n\n\n<p>&nbsp;&nbsp;&nbsp;&nbsp;&nbsp;&nbsp;&nbsp;&nbsp;&nbsp;<\/p>\n\n\n\n<p class=\"has-text-align-left\"><\/p>\n\n\n\n<hr class=\"wp-block-separator has-alpha-channel-opacity\"\/>\n\n\n\n<p><strong>Kommende Netzwerktreffen<\/strong><\/p>\n\n\n\n<p>Jeden ersten Dienstag des Monats:<\/p>\n\n\n\n<ul class=\"wp-block-list\">\n<li>Am 5. Mai Gartenf\u00fchrung in R\u00f6srath, daf\u00fcr entf\u00e4llt der regul\u00e4re Netzwerktermin<\/li>\n\n\n\n<li>Dienstag, 02. Juni 2026<\/li>\n\n\n\n<li>Dienstag, 07. Juli 2026<\/li>\n<\/ul>\n\n\n\n<p>Wir treffen uns immer um <strong>19.00 Uhr, in der KiTa Zauberkiste, Breslauer Str. 45, 51491 Overath.<\/strong><\/p>\n\n\n\n<hr class=\"wp-block-separator has-alpha-channel-opacity\"\/>\n\n\n\n<p><\/p>\n\n\n\n<hr class=\"wp-block-separator has-alpha-channel-opacity\"\/>\n\n\n\n<figure class=\"wp-block-image size-large\"><img loading=\"lazy\" decoding=\"async\" width=\"1024\" height=\"476\" src=\"https:\/\/artenvielfalt-overath.de\/wp-content\/uploads\/2026\/04\/IMG-20250427-WA0018-e1775921931493-1024x476.jpg\" alt=\"\" class=\"wp-image-586\" srcset=\"https:\/\/artenvielfalt-overath.de\/wp-content\/uploads\/2026\/04\/IMG-20250427-WA0018-e1775921931493-1024x476.jpg 1024w, https:\/\/artenvielfalt-overath.de\/wp-content\/uploads\/2026\/04\/IMG-20250427-WA0018-e1775921931493-300x139.jpg 300w, https:\/\/artenvielfalt-overath.de\/wp-content\/uploads\/2026\/04\/IMG-20250427-WA0018-e1775921931493-768x357.jpg 768w, https:\/\/artenvielfalt-overath.de\/wp-content\/uploads\/2026\/04\/IMG-20250427-WA0018-e1775921931493.jpg 1536w\" sizes=\"auto, (max-width: 1024px) 100vw, 1024px\" \/><\/figure>\n\n\n\n<p><strong>Overather G\u00e4rten &#8211; Orte der Artenvielfalt <\/strong><\/p>\n\n\n\n<p>Mitglieder des Netzwerks stellen ihre G\u00e4rten vor. Wir freuen uns auf einen regen Austausch, Anregungen und Ideen f\u00fcr den eigenen Garten. <strong>Diese Aktion steht ausschlie\u00dflich f\u00fcr Mitglieder des Netzwerks und nur nach vorheriger Anmeldung zur Verf\u00fcgung Anmeldung bitte unter folgender E-Mail-Adresse: <br>netzwerk@artenvielfalt-overath.de.<\/strong><\/p>\n\n\n\n<p>Nach erfolgter Anmeldung wird die Adresse f\u00fcr die jeweilige Gartenf\u00fchrung per E-Mail mitgeteilt. <\/p>\n\n\n\n<p><mark style=\"background-color:#FFFFFF\" class=\"has-inline-color\"><em><strong>Folgende Termine stehen zur Verf\u00fcgung:<\/strong><\/em><\/mark><\/p>\n\n\n\n<p><strong>Di. 5.5., 18h Garten im Wandel&nbsp; &#8211; in R\u00f6srath,&nbsp;<\/strong>bei Thomas<\/p>\n\n\n\n<p>&#8222;Als ich 2012 das Haus mit dem riesigen Grundst\u00fcck (4.500 qm) erwarb, war<br>der Garten eine Augenweide, wie von einer Landesgartenschau. Viele Jahre<br>versuchte ich verzweifelt und mit wenig Erfolg, diesen Zustand<br>beizubehalten. Doch dann kam in einem Jahr zweimal die Natur in meinen<br>Garten, in Gestalt einer Wildschwein-Rotte. Seitdem bekommen der Garten<br>und ich (Diplom-Biologe) ein neues Verh\u00e4ltnis zueinander und er erbl\u00fcht,<br>sanft von mir gelenkt, ganz neu mit Wildpflanzen.&#8220;<\/p>\n\n\n\n<hr class=\"wp-block-separator has-alpha-channel-opacity\"\/>\n\n\n\n<p><strong>Fr. 8.5., 18h Kunst und Natur &#8211;&nbsp; in Bixnaaf,<\/strong>&nbsp;bei Ulli&nbsp;<\/p>\n\n\n\n<p>Wasser, Natur und minimalistische Kunst auf ca. 3ooo qm<\/p>\n\n\n\n<hr class=\"wp-block-separator has-alpha-channel-opacity\"\/>\n\n\n\n<p><strong>So. 10.5., 11h Steinackerwiese &#8211; in Marialinden<\/strong>, mit Holger<\/p>\n\n\n\n<p>Ein ca. 300 qm gro\u00dfes Grundst\u00fcck der Katholischen Kirchengemeinde Marialinden wurde von Unrat befreit und zu einem Ort der Artenvielfalt gemacht:<br>Mit Wildhecke, einem Lesestein- und Totholzhaufen, einem Sandarium und einem Insektenhotel.<\/p>\n\n\n\n<hr class=\"wp-block-separator has-alpha-channel-opacity\"\/>\n\n\n\n<p><strong>Fr. 15.5., 10h BICK-Projekt &#8211; in Overath-Mitte<\/strong>, mit Karl<\/p>\n\n\n\n<p>K\u00e4ferkeller mit Totholz, Beet (etwa 20 qm) mit heimischen Stauden, Naschhecke mit verschiedenen regionalen Beerenstr\u00e4uchern.<br>Grasfl\u00e4che mit Fr\u00fchbl\u00fchern , Insektenhotel und Nisthilfen f\u00fcr V\u00f6gel angebracht. Ein Sandarium soll im Fr\u00fchjahr 2026 folgen.<\/p>\n\n\n\n<hr class=\"wp-block-separator has-alpha-channel-opacity\"\/>\n\n\n\n<p><strong>Sa. 6.6., 13h RBN-Naturgarten<\/strong>, mit Claus <br><br>Neu gestalteter Naturgarten mit Teich, Trockenmauer,<br>Waldrandstreifen mit B\u00e4umen und Geh\u00f6lzen, kleine Streuobstwiese mit 3<br>Apfelb\u00e4umen. Sp\u00e4ter geplant: u.a. div. Insektennisthilfen, Sickergraben<br>und Sumpfbeet, Beispielbeete von der Bl\u00fchfl\u00e4che bis zum Staudenbeet.<\/p>\n\n\n\n<hr class=\"wp-block-separator has-alpha-channel-opacity\"\/>\n\n\n\n<p><strong>So. 20.6., 15h L\u00e4rchengarten in Steinenbr\u00fcck<\/strong>, bei Ulrike, maximal 12 Personen<\/p>\n\n\n\n<p>1300qm gro\u00dfer Naturgarten mit Teich, Waldrandstreifen mit B\u00e4umen und Geh\u00f6lzen und typischen Waldrandpflanzen, artenreiche Bl\u00fchwiese,<br>pflegeleichte &#8218;Beete&#8216;, Insektennisthilfen, Totholz- und Steinhaufen etc.<\/p>\n\n\n\n<hr class=\"wp-block-separator has-alpha-channel-opacity\"\/>\n\n\n\n<p><strong>1. Anmeldung<\/strong>&nbsp;mit mail-Adresse und Personenzahl &#8211; ab sofort an die Netzwerk-Mailadresse:&nbsp;<a href=\"mailto:netzwerk@artenvielfalt-overath.de\">netzwerk@artenvielfalt-overath.de<\/a><\/p>\n\n\n\n<p><strong>OBACHT: Anmeldefrist Dienstag 28.4.<\/strong><\/p>\n\n\n\n<p>Bitte diejenigen, die sich schon bei Ulrike angemeldet haben, noch einmal &#8218;offiziell&#8216; anmelden!<\/p>\n\n\n\n<p><strong>2. Bis zum 1.5.:&nbsp;<\/strong>&nbsp;benachrichtigen wir Euch und schicken Euch die Adresse der G\u00e4rten, f\u00fcr die Ihr Euch angemeldet habt.<br>So wisst Ihr, wo wir uns treffen an diesem Tag.<\/p>\n\n\n\n<p><br><\/p>\n\n\n\n<p><\/p>\n\n\n\n<hr class=\"wp-block-separator has-alpha-channel-opacity\"\/>\n\n\n\n<figure class=\"wp-block-image size-large is-resized\"><img loading=\"lazy\" decoding=\"async\" width=\"1024\" height=\"724\" src=\"https:\/\/artenvielfalt-overath.de\/wp-content\/uploads\/2025\/08\/Bild-Mindmap-Liersam-Juli-2025-1024x724.jpeg\" alt=\"\" class=\"wp-image-397\" style=\"width:818px;height:auto\" srcset=\"https:\/\/artenvielfalt-overath.de\/wp-content\/uploads\/2025\/08\/Bild-Mindmap-Liersam-Juli-2025-1024x724.jpeg 1024w, https:\/\/artenvielfalt-overath.de\/wp-content\/uploads\/2025\/08\/Bild-Mindmap-Liersam-Juli-2025-300x212.jpeg 300w, https:\/\/artenvielfalt-overath.de\/wp-content\/uploads\/2025\/08\/Bild-Mindmap-Liersam-Juli-2025-768x543.jpeg 768w, https:\/\/artenvielfalt-overath.de\/wp-content\/uploads\/2025\/08\/Bild-Mindmap-Liersam-Juli-2025-1536x1086.jpeg 1536w, https:\/\/artenvielfalt-overath.de\/wp-content\/uploads\/2025\/08\/Bild-Mindmap-Liersam-Juli-2025-2048x1448.jpeg 2048w\" sizes=\"auto, (max-width: 1024px) 100vw, 1024px\" \/><\/figure>\n\n\n\n<p class=\"has-small-font-size\">Mit freundlicher Genehmigung von Herrn Liersam, Overath-Marialinden<\/p>\n\n\n\n<p>Am 06. Juli fand im B\u00fcrgerhaus die Auftaktveranstaltung f\u00fcr das neue Netzwerk Artenvielfalt Overath statt. <br>Nach einem  informativen Vortrag durch Frau Hoppen vom Naturgarten e.V. zum Thema &#8222;Was schert mich die Blattlaus&#8220; fand eine erster Austausch statt, bei dem viele tolle Ideen gesammelt wurden. <br>Einige der Netzwerkpartner waren mit Info-Material vor Ort und man konnte sich kennenlernen. <\/p>\n\n\n\n<p>Wir danken allen Akteuren, und allen Interessierten, die zu der gelungenen Auftaktveranstaltung beigetragen haben. Nun geht es weiter!<\/p>\n\n\n\n<p><\/p>\n","protected":false},"excerpt":{"rendered":"<p>Aktuelles &nbsp;&nbsp;&nbsp;&nbsp;&nbsp;&nbsp;&nbsp;&nbsp;&nbsp; Kommende Netzwerktreffen Jeden ersten Dienstag des Monats: Wir treffen uns immer um 19.00 Uhr, in der KiTa Zauberkiste, Breslauer Str. 45, 51491 Overath. Overather G\u00e4rten &#8211; Orte der Artenvielfalt Mitglieder des Netzwerks stellen ihre G\u00e4rten vor. Wir freuen uns auf einen regen Austausch, Anregungen und Ideen f\u00fcr den eigenen Garten. Diese Aktion steht [&hellip;]<\/p>\n","protected":false},"author":1,"featured_media":0,"parent":0,"menu_order":2,"comment_status":"closed","ping_status":"closed","template":"","meta":{"footnotes":""},"class_list":["post-24","page","type-page","status-publish","hentry"],"_links":{"self":[{"href":"https:\/\/artenvielfalt-overath.de\/index.php\/wp-json\/wp\/v2\/pages\/24","targetHints":{"allow":["GET"]}}],"collection":[{"href":"https:\/\/artenvielfalt-overath.de\/index.php\/wp-json\/wp\/v2\/pages"}],"about":[{"href":"https:\/\/artenvielfalt-overath.de\/index.php\/wp-json\/wp\/v2\/types\/page"}],"author":[{"embeddable":true,"href":"https:\/\/artenvielfalt-overath.de\/index.php\/wp-json\/wp\/v2\/users\/1"}],"replies":[{"embeddable":true,"href":"https:\/\/artenvielfalt-overath.de\/index.php\/wp-json\/wp\/v2\/comments?post=24"}],"version-history":[{"count":55,"href":"https:\/\/artenvielfalt-overath.de\/index.php\/wp-json\/wp\/v2\/pages\/24\/revisions"}],"predecessor-version":[{"id":618,"href":"https:\/\/artenvielfalt-overath.de\/index.php\/wp-json\/wp\/v2\/pages\/24\/revisions\/618"}],"wp:attachment":[{"href":"https:\/\/artenvielfalt-overath.de\/index.php\/wp-json\/wp\/v2\/media?parent=24"}],"curies":[{"name":"wp","href":"https:\/\/api.w.org\/{rel}","templated":true}]}}