{"id":42,"date":"2025-04-06T20:36:47","date_gmt":"2025-04-06T18:36:47","guid":{"rendered":"http:\/\/localhost\/?page_id=42"},"modified":"2025-05-26T20:59:20","modified_gmt":"2025-05-26T18:59:20","slug":"mitmachen","status":"publish","type":"page","link":"https:\/\/artenvielfalt-overath.de\/index.php\/mitmachen\/","title":{"rendered":"Mitmachen"},"content":{"rendered":"\n<h1 class=\"wp-block-heading\"><strong>Mitmachen<\/strong><\/h1>\n\n\n\n<figure class=\"wp-block-image alignwide size-large\"><img loading=\"lazy\" decoding=\"async\" width=\"1024\" height=\"320\" src=\"https:\/\/artenvielfalt-overath.de\/wp-content\/uploads\/2025\/04\/IMG_3348-scaled-e1746729541651-1024x320.jpeg\" alt=\"\" class=\"wp-image-47\" srcset=\"https:\/\/artenvielfalt-overath.de\/wp-content\/uploads\/2025\/04\/IMG_3348-scaled-e1746729541651-1024x320.jpeg 1024w, https:\/\/artenvielfalt-overath.de\/wp-content\/uploads\/2025\/04\/IMG_3348-scaled-e1746729541651-300x94.jpeg 300w, https:\/\/artenvielfalt-overath.de\/wp-content\/uploads\/2025\/04\/IMG_3348-scaled-e1746729541651-768x240.jpeg 768w, https:\/\/artenvielfalt-overath.de\/wp-content\/uploads\/2025\/04\/IMG_3348-scaled-e1746729541651-1536x480.jpeg 1536w, https:\/\/artenvielfalt-overath.de\/wp-content\/uploads\/2025\/04\/IMG_3348-scaled-e1746729541651-2048x640.jpeg 2048w\" sizes=\"auto, (max-width: 1024px) 100vw, 1024px\" \/><\/figure>\n\n\n\n<p>Wir freuen uns \u00fcber jeden, der tatkr\u00e4ftig mithelfen oder unterst\u00fctzen m\u00f6chte. Gefragt sind Ideen, Aktionen oder Expertise. Sie k\u00f6nnen auch gerne einfach eine Gruppe \/ Aktion unterst\u00fctzen. Das gilt sowohl f\u00fcr Einzelprojekte oder die Netzwerkarbeit.\u00a0<\/p>\n\n\n\n<p>Melden Sie sich gerne unter <strong><a href=\"mailto:netzwerk@artenvielfalt-overath.de\">netzwerk@artenvielfalt-overath.de<\/a> <\/strong> oder kommen Sie einfach unverbindlich zu unserem n\u00e4chsten Netzwerktreffen. Die aktuellen Termine finden Sie immer unter der Rubrik Veranstaltungen.&nbsp;<\/p>\n\n\n\n<p>Jeder Beitrag z\u00e4hlt. Da wir jedoch kein Verein sind, k\u00f6nnen wir keine Spendenbescheinigungen ausstellen. Wenn Sie uns dennoch unterst\u00fctzen m\u00f6chten, schreiben Sie uns gerne an. Wir werden auf der Webseite regelm\u00e4\u00dfig \u00fcber die Verwendung der eingegangen Spenden berichten.<\/p>\n\n\n\n<p><\/p>\n","protected":false},"excerpt":{"rendered":"<p>Mitmachen Wir freuen uns \u00fcber jeden, der tatkr\u00e4ftig mithelfen oder unterst\u00fctzen m\u00f6chte. Gefragt sind Ideen, Aktionen oder Expertise. Sie k\u00f6nnen auch gerne einfach eine Gruppe \/ Aktion unterst\u00fctzen. Das gilt sowohl f\u00fcr Einzelprojekte oder die Netzwerkarbeit.\u00a0 Melden Sie sich gerne unter netzwerk@artenvielfalt-overath.de oder kommen Sie einfach unverbindlich zu unserem n\u00e4chsten Netzwerktreffen. Die aktuellen Termine finden [&hellip;]<\/p>\n","protected":false},"author":1,"featured_media":0,"parent":0,"menu_order":5,"comment_status":"closed","ping_status":"closed","template":"","meta":{"footnotes":""},"class_list":["post-42","page","type-page","status-publish","hentry"],"_links":{"self":[{"href":"https:\/\/artenvielfalt-overath.de\/index.php\/wp-json\/wp\/v2\/pages\/42","targetHints":{"allow":["GET"]}}],"collection":[{"href":"https:\/\/artenvielfalt-overath.de\/index.php\/wp-json\/wp\/v2\/pages"}],"about":[{"href":"https:\/\/artenvielfalt-overath.de\/index.php\/wp-json\/wp\/v2\/types\/page"}],"author":[{"embeddable":true,"href":"https:\/\/artenvielfalt-overath.de\/index.php\/wp-json\/wp\/v2\/users\/1"}],"replies":[{"embeddable":true,"href":"https:\/\/artenvielfalt-overath.de\/index.php\/wp-json\/wp\/v2\/comments?post=42"}],"version-history":[{"count":15,"href":"https:\/\/artenvielfalt-overath.de\/index.php\/wp-json\/wp\/v2\/pages\/42\/revisions"}],"predecessor-version":[{"id":331,"href":"https:\/\/artenvielfalt-overath.de\/index.php\/wp-json\/wp\/v2\/pages\/42\/revisions\/331"}],"wp:attachment":[{"href":"https:\/\/artenvielfalt-overath.de\/index.php\/wp-json\/wp\/v2\/media?parent=42"}],"curies":[{"name":"wp","href":"https:\/\/api.w.org\/{rel}","templated":true}]}}