{"id":6,"date":"2025-04-06T20:12:05","date_gmt":"2025-04-06T18:12:05","guid":{"rendered":"http:\/\/localhost\/?page_id=6"},"modified":"2026-01-25T19:51:52","modified_gmt":"2026-01-25T18:51:52","slug":"einstiegsseite","status":"publish","type":"page","link":"https:\/\/artenvielfalt-overath.de\/","title":{"rendered":"Home"},"content":{"rendered":"\n<h1 class=\"wp-block-heading\" style=\"margin-top:0;margin-bottom:0;line-height:1.5\"><strong>Netzwerk Artenvielfalt Overath<\/strong><\/h1>\n\n\n\n<figure class=\"wp-block-image size-full\"><img loading=\"lazy\" decoding=\"async\" width=\"2560\" height=\"960\" src=\"http:\/\/localhost\/wp-content\/uploads\/2025\/04\/IMG_3697-edited-scaled.jpeg\" alt=\"\" class=\"wp-image-34\" srcset=\"https:\/\/artenvielfalt-overath.de\/wp-content\/uploads\/2025\/04\/IMG_3697-edited-scaled.jpeg 2560w, https:\/\/artenvielfalt-overath.de\/wp-content\/uploads\/2025\/04\/IMG_3697-edited-300x113.jpeg 300w, https:\/\/artenvielfalt-overath.de\/wp-content\/uploads\/2025\/04\/IMG_3697-edited-1024x384.jpeg 1024w, https:\/\/artenvielfalt-overath.de\/wp-content\/uploads\/2025\/04\/IMG_3697-edited-768x288.jpeg 768w, https:\/\/artenvielfalt-overath.de\/wp-content\/uploads\/2025\/04\/IMG_3697-edited-1536x576.jpeg 1536w, https:\/\/artenvielfalt-overath.de\/wp-content\/uploads\/2025\/04\/IMG_3697-edited-2048x768.jpeg 2048w\" sizes=\"auto, (max-width: 2560px) 100vw, 2560px\" \/><\/figure>\n\n\n\n<p class=\"has-text-align-center\"><\/p>\n\n\n\n<p><\/p>\n\n\n\n<p class=\"has-calibri-font-family\" style=\"font-style:normal;font-weight:700\">Wer wir sind &#8211; Was wir wollen &#8211; Was <em>Sie <\/em>tun k\u00f6nnen<\/p>\n\n\n\n<p>Seit kurzem gibt es in Overath das \u201eNetzwerk Artenvielfalt Overath\u201c.<\/p>\n\n\n\n<p>Wir sind eine Gruppe von engagierten Menschen, die aus der Overather B\u00fcrgerwerkstatt Umwelt und Klimaschutz in Kooperation mit der Stadt hervorgegangen ist. Unser Anliegen ist es, die Biodiversit\u00e4t zu sch\u00fctzen und zu f\u00f6rdern. Wir m\u00f6chten hier vor Ort dazu anregen und Unterst\u00fctzung anbieten, G\u00e4rten und Gr\u00fcnfl\u00e4chen an die ge\u00e4nderten Klimabedingungen anzupassen. Unser Fokus liegt auf dem Erhalt und der F\u00f6rderung der Artenvielfalt. Dies kann zum Beispiel in Form der nachhaltigen Gestaltung naturnaher G\u00e4rten, der Umgestaltung von Brachfl\u00e4chen oder der Unterst\u00fctzung von Imkern, im Anlegen von naturnahen Beeten in Kinderg\u00e4rten und Schulen erfolgen.&nbsp;<\/p>\n\n\n\n<p style=\"font-style:normal;font-weight:600\"><strong>Was wir wollen<\/strong><\/p>\n\n\n\n<p>Wir m\u00f6chten Akteure im Artenschutz und die Menschen vor Ort in Kontakt bringen. Im weiteren Verlauf sollen Projekte angesto\u00dfen und umgesetzt werden, die die Artenvielfalt sch\u00fctzen und nach vorne bringen.<\/p>\n\n\n\n<p><\/p>\n\n\n\n<p style=\"font-style:normal;font-weight:600\"><strong>Was Sie tun k\u00f6nnen<\/strong><\/p>\n\n\n\n<p>Das Netzwerk lebt durch die Menschen, die sich f\u00fcr Artenvielfalt engagieren m\u00f6chten, ob aktiv oder passiv. Werden Sie deshalb Teil des Netzwerks! <\/p>\n\n\n\n<hr class=\"wp-block-separator has-alpha-channel-opacity\"\/>\n\n\n\n<p class=\"has-text-align-center\"><a href=\"https:\/\/artenvielfalt-overath.de\/index.php\/aktuelles\/\" data-type=\"page\" data-id=\"24\"><strong><mark style=\"background-color:#FFEE58\" class=\"has-inline-color\">Save the date: Mittwoch, 04. M\u00e4rz 2026 um 19.00 Uhr<\/mark><\/strong><br><strong><mark style=\"background-color:#FFEE58\" class=\"has-inline-color has-contrast-color\">Vortrag zur Asiatischen Hornisse im Kulturbahnhof Overath <\/mark><\/strong><\/a><\/p>\n\n\n\n<p class=\"has-text-align-center\"><\/p>\n\n\n\n<p><\/p>\n\n\n\n<p class=\"has-text-align-center\"><strong>Eine gemeinsame Initiative von:<\/strong><\/p>\n\n\n\n<div class=\"wp-block-columns is-layout-flex wp-container-core-columns-is-layout-28f84493 wp-block-columns-is-layout-flex\">\n<div class=\"wp-block-column is-vertically-aligned-center is-style-default is-layout-flow wp-block-column-is-layout-flow\">\n<figure class=\"wp-block-image alignleft size-full\"><img loading=\"lazy\" decoding=\"async\" width=\"435\" height=\"155\" src=\"https:\/\/artenvielfalt-overath.de\/wp-content\/uploads\/2025\/06\/Logo-BWUK-1.jpg\" alt=\"\" class=\"wp-image-366\" srcset=\"https:\/\/artenvielfalt-overath.de\/wp-content\/uploads\/2025\/06\/Logo-BWUK-1.jpg 435w, https:\/\/artenvielfalt-overath.de\/wp-content\/uploads\/2025\/06\/Logo-BWUK-1-300x107.jpg 300w\" sizes=\"auto, (max-width: 435px) 100vw, 435px\" \/><\/figure>\n<\/div>\n\n\n\n<div class=\"wp-block-column is-layout-flow wp-block-column-is-layout-flow\">\n<figure class=\"wp-block-image alignleft size-large is-resized\"><img loading=\"lazy\" decoding=\"async\" width=\"866\" height=\"1024\" src=\"https:\/\/artenvielfalt-overath.de\/wp-content\/uploads\/2025\/06\/Logo_Overath_Stadt-an-Agger-und-Suelz-1-866x1024.png\" alt=\"\" class=\"wp-image-365\" style=\"width:162px;height:auto\" srcset=\"https:\/\/artenvielfalt-overath.de\/wp-content\/uploads\/2025\/06\/Logo_Overath_Stadt-an-Agger-und-Suelz-1-866x1024.png 866w, https:\/\/artenvielfalt-overath.de\/wp-content\/uploads\/2025\/06\/Logo_Overath_Stadt-an-Agger-und-Suelz-1-254x300.png 254w, https:\/\/artenvielfalt-overath.de\/wp-content\/uploads\/2025\/06\/Logo_Overath_Stadt-an-Agger-und-Suelz-1-768x908.png 768w, https:\/\/artenvielfalt-overath.de\/wp-content\/uploads\/2025\/06\/Logo_Overath_Stadt-an-Agger-und-Suelz-1.png 1182w\" sizes=\"auto, (max-width: 866px) 100vw, 866px\" \/><\/figure>\n<\/div>\n<\/div>\n\n\n\n<p><\/p>\n\n\n\n<p><\/p>\n","protected":false},"excerpt":{"rendered":"<p>Netzwerk Artenvielfalt Overath Wer wir sind &#8211; Was wir wollen &#8211; Was Sie tun k\u00f6nnen Seit kurzem gibt es in Overath das \u201eNetzwerk Artenvielfalt Overath\u201c. Wir sind eine Gruppe von engagierten Menschen, die aus der Overather B\u00fcrgerwerkstatt Umwelt und Klimaschutz in Kooperation mit der Stadt hervorgegangen ist. Unser Anliegen ist es, die Biodiversit\u00e4t zu sch\u00fctzen [&hellip;]<\/p>\n","protected":false},"author":1,"featured_media":0,"parent":0,"menu_order":0,"comment_status":"closed","ping_status":"closed","template":"","meta":{"footnotes":""},"class_list":["post-6","page","type-page","status-publish","hentry"],"_links":{"self":[{"href":"https:\/\/artenvielfalt-overath.de\/index.php\/wp-json\/wp\/v2\/pages\/6","targetHints":{"allow":["GET"]}}],"collection":[{"href":"https:\/\/artenvielfalt-overath.de\/index.php\/wp-json\/wp\/v2\/pages"}],"about":[{"href":"https:\/\/artenvielfalt-overath.de\/index.php\/wp-json\/wp\/v2\/types\/page"}],"author":[{"embeddable":true,"href":"https:\/\/artenvielfalt-overath.de\/index.php\/wp-json\/wp\/v2\/users\/1"}],"replies":[{"embeddable":true,"href":"https:\/\/artenvielfalt-overath.de\/index.php\/wp-json\/wp\/v2\/comments?post=6"}],"version-history":[{"count":54,"href":"https:\/\/artenvielfalt-overath.de\/index.php\/wp-json\/wp\/v2\/pages\/6\/revisions"}],"predecessor-version":[{"id":547,"href":"https:\/\/artenvielfalt-overath.de\/index.php\/wp-json\/wp\/v2\/pages\/6\/revisions\/547"}],"wp:attachment":[{"href":"https:\/\/artenvielfalt-overath.de\/index.php\/wp-json\/wp\/v2\/media?parent=6"}],"curies":[{"name":"wp","href":"https:\/\/api.w.org\/{rel}","templated":true}]}}